{"id":372,"date":"2024-07-04T14:26:26","date_gmt":"2024-07-04T12:26:26","guid":{"rendered":"http:\/\/projekt.zumloewen.com.dd48310.kasserver.com\/entspannen\/"},"modified":"2024-09-11T14:16:49","modified_gmt":"2024-09-11T12:16:49","slug":"relax","status":"publish","type":"page","link":"https:\/\/www.zumloewen.com\/it\/relax\/","title":{"rendered":"Relax"},"content":{"rendered":"","protected":false},"excerpt":{"rendered":"","protected":false},"author":1,"featured_media":0,"parent":0,"menu_order":0,"comment_status":"closed","ping_status":"closed","template":"template-unterseiten.php","meta":{"_acf_changed":false,"inline_featured_image":false,"footnotes":""},"class_list":["post-372","page","type-page","status-publish","hentry"],"acf":[],"yoast_head":"<!-- This site is optimized with the Yoast SEO plugin v27.4 - https:\/\/yoast.com\/product\/yoast-seo-wordpress\/ -->\n<title>Relax all&#039;Hotel zum L\u00f6wen a Meltina<\/title>\n<meta name=\"description\" content=\"Relax all&#039;Hotel zum L\u00f6wen di Meltina: L&#039;hotel \u00e8 il luogo d&#039;incontro preferito da chi cerca pace e tranquillit\u00e0 e da chi cerca il piacere.\" \/>\n<meta name=\"robots\" content=\"index, follow, max-snippet:-1, max-image-preview:large, max-video-preview:-1\" \/>\n<link rel=\"canonical\" href=\"https:\/\/www.zumloewen.com\/it\/relax\/\" \/>\n<meta property=\"og:locale\" content=\"it_IT\" \/>\n<meta property=\"og:type\" content=\"article\" \/>\n<meta property=\"og:title\" content=\"Relax all&#039;Hotel zum L\u00f6wen a Meltina\" \/>\n<meta property=\"og:description\" content=\"Relax all&#039;Hotel zum L\u00f6wen di Meltina: L&#039;hotel \u00e8 il luogo d&#039;incontro preferito da chi cerca pace e tranquillit\u00e0 e da chi cerca il piacere.\" \/>\n<meta property=\"og:url\" content=\"https:\/\/www.zumloewen.com\/it\/relax\/\" \/>\n<meta property=\"og:site_name\" content=\"Zum L\u00f6wen M\u00f6lten\" \/>\n<meta property=\"article:modified_time\" content=\"2024-09-11T12:16:49+00:00\" \/>\n<meta name=\"twitter:card\" content=\"summary_large_image\" \/>\n<meta name=\"twitter:label1\" content=\"Tempo di lettura stimato\" \/>\n\t<meta name=\"twitter:data1\" content=\"2 minuti\" \/>\n<script type=\"application\/ld+json\" class=\"yoast-schema-graph\">{\"@context\":\"https:\\\/\\\/schema.org\",\"@graph\":[{\"@type\":\"WebPage\",\"@id\":\"https:\\\/\\\/www.zumloewen.com\\\/it\\\/relax\\\/\",\"url\":\"https:\\\/\\\/www.zumloewen.com\\\/it\\\/relax\\\/\",\"name\":\"Relax all'Hotel zum L\u00f6wen a Meltina\",\"isPartOf\":{\"@id\":\"https:\\\/\\\/www.zumloewen.com\\\/it\\\/#website\"},\"datePublished\":\"2024-07-04T12:26:26+00:00\",\"dateModified\":\"2024-09-11T12:16:49+00:00\",\"description\":\"Relax all'Hotel zum L\u00f6wen di Meltina: L'hotel \u00e8 il luogo d'incontro preferito da chi cerca pace e tranquillit\u00e0 e da chi cerca il piacere.\",\"breadcrumb\":{\"@id\":\"https:\\\/\\\/www.zumloewen.com\\\/it\\\/relax\\\/#breadcrumb\"},\"inLanguage\":\"it-IT\",\"potentialAction\":[{\"@type\":\"ReadAction\",\"target\":[\"https:\\\/\\\/www.zumloewen.com\\\/it\\\/relax\\\/\"]}]},{\"@type\":\"BreadcrumbList\",\"@id\":\"https:\\\/\\\/www.zumloewen.com\\\/it\\\/relax\\\/#breadcrumb\",\"itemListElement\":[{\"@type\":\"ListItem\",\"position\":1,\"name\":\"Startseite\",\"item\":\"https:\\\/\\\/www.zumloewen.com\\\/it\\\/\"},{\"@type\":\"ListItem\",\"position\":2,\"name\":\"Relax\"}]},{\"@type\":\"WebSite\",\"@id\":\"https:\\\/\\\/www.zumloewen.com\\\/it\\\/#website\",\"url\":\"https:\\\/\\\/www.zumloewen.com\\\/it\\\/\",\"name\":\"Zum L\u00f6wen M\u00f6lten\",\"description\":\"\",\"potentialAction\":[{\"@type\":\"SearchAction\",\"target\":{\"@type\":\"EntryPoint\",\"urlTemplate\":\"https:\\\/\\\/www.zumloewen.com\\\/it\\\/?s={search_term_string}\"},\"query-input\":{\"@type\":\"PropertyValueSpecification\",\"valueRequired\":true,\"valueName\":\"search_term_string\"}}],\"inLanguage\":\"it-IT\"}]}<\/script>\n<!-- \/ Yoast SEO plugin. -->","yoast_head_json":{"title":"Relax all'Hotel zum L\u00f6wen a Meltina","description":"Relax all'Hotel zum L\u00f6wen di Meltina: L'hotel \u00e8 il luogo d'incontro preferito da chi cerca pace e tranquillit\u00e0 e da chi cerca il piacere.","robots":{"index":"index","follow":"follow","max-snippet":"max-snippet:-1","max-image-preview":"max-image-preview:large","max-video-preview":"max-video-preview:-1"},"canonical":"https:\/\/www.zumloewen.com\/it\/relax\/","og_locale":"it_IT","og_type":"article","og_title":"Relax all'Hotel zum L\u00f6wen a Meltina","og_description":"Relax all'Hotel zum L\u00f6wen di Meltina: L'hotel \u00e8 il luogo d'incontro preferito da chi cerca pace e tranquillit\u00e0 e da chi cerca il piacere.","og_url":"https:\/\/www.zumloewen.com\/it\/relax\/","og_site_name":"Zum L\u00f6wen M\u00f6lten","article_modified_time":"2024-09-11T12:16:49+00:00","twitter_card":"summary_large_image","twitter_misc":{"Tempo di lettura stimato":"2 minuti"},"schema":{"@context":"https:\/\/schema.org","@graph":[{"@type":"WebPage","@id":"https:\/\/www.zumloewen.com\/it\/relax\/","url":"https:\/\/www.zumloewen.com\/it\/relax\/","name":"Relax all'Hotel zum L\u00f6wen a Meltina","isPartOf":{"@id":"https:\/\/www.zumloewen.com\/it\/#website"},"datePublished":"2024-07-04T12:26:26+00:00","dateModified":"2024-09-11T12:16:49+00:00","description":"Relax all'Hotel zum L\u00f6wen di Meltina: L'hotel \u00e8 il luogo d'incontro preferito da chi cerca pace e tranquillit\u00e0 e da chi cerca il piacere.","breadcrumb":{"@id":"https:\/\/www.zumloewen.com\/it\/relax\/#breadcrumb"},"inLanguage":"it-IT","potentialAction":[{"@type":"ReadAction","target":["https:\/\/www.zumloewen.com\/it\/relax\/"]}]},{"@type":"BreadcrumbList","@id":"https:\/\/www.zumloewen.com\/it\/relax\/#breadcrumb","itemListElement":[{"@type":"ListItem","position":1,"name":"Startseite","item":"https:\/\/www.zumloewen.com\/it\/"},{"@type":"ListItem","position":2,"name":"Relax"}]},{"@type":"WebSite","@id":"https:\/\/www.zumloewen.com\/it\/#website","url":"https:\/\/www.zumloewen.com\/it\/","name":"Zum L\u00f6wen M\u00f6lten","description":"","potentialAction":[{"@type":"SearchAction","target":{"@type":"EntryPoint","urlTemplate":"https:\/\/www.zumloewen.com\/it\/?s={search_term_string}"},"query-input":{"@type":"PropertyValueSpecification","valueRequired":true,"valueName":"search_term_string"}}],"inLanguage":"it-IT"}]}},"_links":{"self":[{"href":"https:\/\/www.zumloewen.com\/it\/wp-json\/wp\/v2\/pages\/372","targetHints":{"allow":["GET"]}}],"collection":[{"href":"https:\/\/www.zumloewen.com\/it\/wp-json\/wp\/v2\/pages"}],"about":[{"href":"https:\/\/www.zumloewen.com\/it\/wp-json\/wp\/v2\/types\/page"}],"author":[{"embeddable":true,"href":"https:\/\/www.zumloewen.com\/it\/wp-json\/wp\/v2\/users\/1"}],"replies":[{"embeddable":true,"href":"https:\/\/www.zumloewen.com\/it\/wp-json\/wp\/v2\/comments?post=372"}],"version-history":[{"count":2,"href":"https:\/\/www.zumloewen.com\/it\/wp-json\/wp\/v2\/pages\/372\/revisions"}],"predecessor-version":[{"id":374,"href":"https:\/\/www.zumloewen.com\/it\/wp-json\/wp\/v2\/pages\/372\/revisions\/374"}],"wp:attachment":[{"href":"https:\/\/www.zumloewen.com\/it\/wp-json\/wp\/v2\/media?parent=372"}],"curies":[{"name":"wp","href":"https:\/\/api.w.org\/{rel}","templated":true}]}}